{"id":1758,"date":"2017-07-14T11:38:38","date_gmt":"2017-07-14T08:38:38","guid":{"rendered":"https:\/\/drceyhundundar.com\/contact\/"},"modified":"2022-08-25T19:20:00","modified_gmt":"2022-08-25T16:20:00","slug":"contact","status":"publish","type":"page","link":"https:\/\/drceyhundundar.com\/en\/contact\/","title":{"rendered":"Contact"},"content":{"rendered":"<p>[vc_row][vc_column]<div id=\"sc_googlemap_1853370753_wrap\" class=\"sc_googlemap_wrap\"><h6 class=\"sc_item_subtitle sc_googlemap_subtitle sc_align_center sc_item_title_style_default\">Find Us<\/h6><h3 class=\"sc_item_title sc_googlemap_title sc_align_center sc_item_title_style_default\">Contact and Adress Informations<\/h3><div id=\"sc_googlemap_1853370753\"\n\t\t\tclass=\"sc_googlemap sc_googlemap_default\"\n\t\t\t style=\"width:100%;height:400px;\"\t\t\tdata-zoom=\"13\"\n\t\t\tdata-style=\"dark\"\n\t\t\tdata-cluster-icon=\"\"\n        ><iframe\n                    src=\"https:\/\/maps.google.com\/maps?t=m&output=embed&iwloc=near&z=13&q=40.97776,28.87419\"\n                    scrolling=\"no\"\n                    marginheight=\"0\"\n                    marginwidth=\"0\"\n                    frameborder=\"0\"\n                    aria-label=\"One\"><\/iframe><\/div><div class=\"sc_googlemap_button_image sc_item_button_image sc_align_center\"><img loading=\"lazy\" decoding=\"async\" src=\"https:\/\/drceyhundundar.com\/wp-content\/uploads\/2022\/06\/cropped-dr-ceyhun-sag-fav.png\" alt=\"\" width=\"512\" height=\"512\"><\/div><\/div><!-- \/.sc_googlemap_wrap -->[vc_empty_space alter_height=&#8221;medium&#8221; hide_on_desktop=&#8221;&#8221; hide_on_notebook=&#8221;&#8221; hide_on_tablet=&#8221;&#8221; hide_on_mobile=&#8221;&#8221; css=&#8221;.vc_custom_1511021923204{margin-top: 0.4rem !important;}&#8221;][\/vc_column][\/vc_row][vc_row][vc_column width=&#8221;2\/3&#8243;][vc_empty_space hide_on_desktop=&#8221;&#8221; hide_on_notebook=&#8221;&#8221; hide_on_tablet=&#8221;&#8221; hide_on_mobile=&#8221;&#8221; css=&#8221;.vc_custom_1511021990766{margin-top: -0.8rem !important;}&#8221;]<div id=\"sc_title_686374779\"\n\t\tclass=\"sc_title color_style_default sc_title_default  vc_custom_1656344678845\"><h5 class=\"sc_item_title sc_title_title sc_align_left sc_item_title_style_default sc_item_title_tag\">Send us a Message<\/h5><\/div><!-- \/.sc_title --><div role=\"form\" class=\"wpcf7\" id=\"wpcf7-f758-o1\" lang=\"en-US\" dir=\"ltr\">\n<div class=\"screen-reader-response\"><p role=\"status\" aria-live=\"polite\" aria-atomic=\"true\"><\/p> <ul><\/ul><\/div>\n<form action=\"\/en\/wp-json\/wp\/v2\/pages\/1758#wpcf7-f758-o1\" method=\"post\" class=\"wpcf7-form init\" novalidate=\"novalidate\" data-status=\"init\">\n<div style=\"display: none;\">\n<input type=\"hidden\" name=\"_wpcf7\" value=\"758\" \/>\n<input type=\"hidden\" name=\"_wpcf7_version\" value=\"5.6\" \/>\n<input type=\"hidden\" name=\"_wpcf7_locale\" value=\"en_US\" \/>\n<input type=\"hidden\" name=\"_wpcf7_unit_tag\" value=\"wpcf7-f758-o1\" \/>\n<input type=\"hidden\" name=\"_wpcf7_container_post\" value=\"0\" \/>\n<input type=\"hidden\" name=\"_wpcf7_posted_data_hash\" value=\"\" \/>\n<\/div>\n<div class=\"flex\">\n<div class='itm row' ><span class=\"wpcf7-form-control-wrap\" data-name=\"your-name\"><input type=\"text\" name=\"your-name\" value=\"\" size=\"40\" class=\"wpcf7-form-control wpcf7-text wpcf7-validates-as-required\" aria-required=\"true\" aria-invalid=\"false\" placeholder=\"Your name*\" \/><\/span><\/div>\n<div class='itm row'><span class=\"wpcf7-form-control-wrap\" data-name=\"your-email\"><input type=\"email\" name=\"your-email\" value=\"\" size=\"40\" class=\"wpcf7-form-control wpcf7-text wpcf7-email wpcf7-validates-as-required wpcf7-validates-as-email\" aria-required=\"true\" aria-invalid=\"false\" placeholder=\"Your e-mail*\" \/><\/span><\/div>\n<\/div>\n<div class=''><span class=\"wpcf7-form-control-wrap\" data-name=\"your-message\"><textarea name=\"your-message\" cols=\"40\" rows=\"10\" class=\"wpcf7-form-control wpcf7-textarea wpcf7-validates-as-required\" aria-required=\"true\" aria-invalid=\"false\" placeholder=\"Your message*\"><\/textarea><\/span><\/div>\n<p><span class=\"wpcf7-form-control-wrap\" data-name=\"acceptance-157\"><span class=\"wpcf7-form-control wpcf7-acceptance\"><span class=\"wpcf7-list-item\"><label><input type=\"checkbox\" name=\"acceptance-157\" value=\"1\" aria-invalid=\"false\" \/><span class=\"wpcf7-list-item-label\">I agree that my submitted data is being collected and stored.<\/span><\/label><\/span><\/span><\/span><\/p>\n<div class=\"sc_form_field sc_form_field_button sc_form_field_submit\">\n<p><input type=\"submit\" value=\"Send Message\" class=\"wpcf7-form-control has-spinner wpcf7-submit\" \/><\/p><\/div>\n<div class=\"wpcf7-response-output\" aria-hidden=\"true\"><\/div><\/form><\/div>[\/vc_column][vc_column width=&#8221;1\/3&#8243; offset=&#8221;vc_hidden-lg vc_hidden-md vc_hidden-sm&#8221;][vc_empty_space alter_height=&#8221;large&#8221; hide_on_desktop=&#8221;&#8221; hide_on_notebook=&#8221;&#8221; hide_on_tablet=&#8221;&#8221; hide_on_mobile=&#8221;&#8221;][\/vc_column][vc_column width=&#8221;1\/3&#8243;]<div id=\"widget_contacts_1614911202\" class=\"widget_area sc_widget_contacts vc_widget_contacts wpb_content_element\"><aside id=\"widget_contacts_1614911202_widget\" class=\"widget widget_contacts\"><h5 class=\"widget_title\">Dr. Ceyhun D\u00fcndar &#8211; Ozone Therapy &#8211; Acupuncture- Glutathione<\/h5><div class=\"contacts_wrap\"><div class=\"contacts_info\"><span class=\"contacts_address\">Zeytinlik Mah. \u00d6mer Naci Sk. No:8 Bak\u0131rk\u00f6y<\/span><span class=\"contacts_email\"><a href=\"mailto:r&#97;n&#100;evu&#64;&#100;r&#99;e&#121;h&#117;n&#100;u&#110;&#100;&#97;r.&#99;o&#109;\">&#114;an&#100;evu&#64;drc&#101;&#121;&#104;u&#110;dun&#100;a&#114;.c&#111;m<\/a><\/span><a href=\"tel:+905419673861\" class=\"contacts_phone\">+90 541 967 38 61<\/a><\/div><\/div><!-- \/.contacts_wrap --><\/aside><\/div>[\/vc_column][\/vc_row]<\/p>\n","protected":false},"excerpt":{"rendered":"<p>[vc_row][vc_column][vc_empty_space alter_height=&#8221;medium&#8221; hide_on_desktop=&#8221;&#8221; hide_on_notebook=&#8221;&#8221; hide_on_tablet=&#8221;&#8221; hide_on_mobile=&#8221;&#8221; css=&#8221;.vc_custom_1511021923204{margin-top: 0.4rem !important;}&#8221;][\/vc_column][\/vc_row][vc_row][vc_column width=&#8221;2\/3&#8243;][vc_empty_space hide_on_desktop=&#8221;&#8221; hide_on_notebook=&#8221;&#8221; hide_on_tablet=&#8221;&#8221; hide_on_mobile=&#8221;&#8221; css=&#8221;.vc_custom_1511021990766{margin-top: -0.8rem !important;}&#8221;][\/vc_column][vc_column width=&#8221;1\/3&#8243; offset=&#8221;vc_hidden-lg vc_hidden-md vc_hidden-sm&#8221;][vc_empty_space alter_height=&#8221;large&#8221; hide_on_desktop=&#8221;&#8221; hide_on_notebook=&#8221;&#8221; hide_on_tablet=&#8221;&#8221; hide_on_mobile=&#8221;&#8221;][\/vc_column][vc_column width=&#8221;1\/3&#8243;][\/vc_column][\/vc_row]<\/p>\n","protected":false},"author":1,"featured_media":0,"parent":0,"menu_order":0,"comment_status":"closed","ping_status":"closed","template":"","meta":{"_mi_skip_tracking":false,"footnotes":""},"class_list":["post-1758","page","type-page","status-publish","hentry"],"_links":{"self":[{"href":"https:\/\/drceyhundundar.com\/en\/wp-json\/wp\/v2\/pages\/1758","targetHints":{"allow":["GET"]}}],"collection":[{"href":"https:\/\/drceyhundundar.com\/en\/wp-json\/wp\/v2\/pages"}],"about":[{"href":"https:\/\/drceyhundundar.com\/en\/wp-json\/wp\/v2\/types\/page"}],"author":[{"embeddable":true,"href":"https:\/\/drceyhundundar.com\/en\/wp-json\/wp\/v2\/users\/1"}],"replies":[{"embeddable":true,"href":"https:\/\/drceyhundundar.com\/en\/wp-json\/wp\/v2\/comments?post=1758"}],"version-history":[{"count":12,"href":"https:\/\/drceyhundundar.com\/en\/wp-json\/wp\/v2\/pages\/1758\/revisions"}],"predecessor-version":[{"id":2293,"href":"https:\/\/drceyhundundar.com\/en\/wp-json\/wp\/v2\/pages\/1758\/revisions\/2293"}],"wp:attachment":[{"href":"https:\/\/drceyhundundar.com\/en\/wp-json\/wp\/v2\/media?parent=1758"}],"curies":[{"name":"wp","href":"https:\/\/api.w.org\/{rel}","templated":true}]}}